{"id":117,"date":"2025-11-10T21:04:27","date_gmt":"2025-11-10T21:04:27","guid":{"rendered":"https:\/\/www.coreliant.de\/?page_id=117"},"modified":"2025-11-13T12:56:00","modified_gmt":"2025-11-13T12:56:00","slug":"about_us_de_de","status":"publish","type":"page","link":"https:\/\/www.coreliant.de\/?page_id=117","title":{"rendered":"About_Us_de_DE"},"content":{"rendered":"\n<div class=\"wp-block-group has-global-padding is-layout-constrained wp-block-group-is-layout-constrained\">\n<div class=\"wp-block-cover alignfull is-light has-aspect-ratio\" style=\"padding-right:0;padding-left:0;aspect-ratio:auto;min-height:unset;\"><img loading=\"lazy\" decoding=\"async\" width=\"1920\" height=\"1282\" class=\"wp-block-cover__image-background wp-image-129 size-full\" alt=\"\" src=\"https:\/\/www.coreliant.de\/wp-content\/uploads\/2025\/11\/people-financial-results-analyzing-statistics-scaled.webp\" data-object-fit=\"cover\" srcset=\"https:\/\/www.coreliant.de\/wp-content\/uploads\/2025\/11\/people-financial-results-analyzing-statistics-scaled.webp 1920w, https:\/\/www.coreliant.de\/wp-content\/uploads\/2025\/11\/people-financial-results-analyzing-statistics-300x200.webp 300w, https:\/\/www.coreliant.de\/wp-content\/uploads\/2025\/11\/people-financial-results-analyzing-statistics-1024x683.webp 1024w, https:\/\/www.coreliant.de\/wp-content\/uploads\/2025\/11\/people-financial-results-analyzing-statistics-768x513.webp 768w, https:\/\/www.coreliant.de\/wp-content\/uploads\/2025\/11\/people-financial-results-analyzing-statistics-1536x1025.webp 1536w\" sizes=\"auto, (max-width: 1920px) 100vw, 1920px\" \/><span aria-hidden=\"true\" class=\"wp-block-cover__background has-accent-text-background-color has-background-dim-70 has-background-dim\"><\/span><div class=\"wp-block-cover__inner-container has-global-padding is-layout-constrained wp-container-core-cover-is-layout-7db9d80f wp-block-cover-is-layout-constrained\">\n<div class=\"wp-block-group alignwide has-global-padding is-layout-constrained wp-container-core-group-is-layout-d7884010 wp-block-group-is-layout-constrained\" style=\"margin-top:var(--wp--preset--spacing--small);margin-bottom:var(--wp--preset--spacing--small);padding-top:var(--wp--preset--spacing--x-small);padding-right:var(--wp--preset--spacing--small);padding-bottom:var(--wp--preset--spacing--x-small);padding-left:var(--wp--preset--spacing--small)\">\n<div class=\"wp-block-group has-heading-color has-text-color has-link-color wp-elements-c071fa1778959a104cc72920c8358d5e is-nowrap is-layout-flex wp-container-core-group-is-layout-71556dcd wp-block-group-is-layout-flex\" style=\"padding-bottom:var(--wp--preset--spacing--small)\">\n<h1 class=\"wp-block-heading has-inter-font-family\">Gemeinsam Zukunft gestalten. Leistungsstark wachsen.<\/h1>\n\n\n\n<hr class=\"wp-block-separator has-alpha-channel-opacity wp-container-content-9cfa9a5a\"\/>\n<\/div>\n\n\n\n<div class=\"wp-block-group is-nowrap is-layout-flex wp-container-core-group-is-layout-6c531013 wp-block-group-is-layout-flex\">\n<div class=\"wp-block-columns is-layout-flex wp-container-core-columns-is-layout-28f84493 wp-block-columns-is-layout-flex\">\n<div class=\"wp-block-column is-layout-flow wp-block-column-is-layout-flow\">\n<p>Unsere Mission ist, <strong>Unternehmen<\/strong> dabei zu unterst\u00fctzen ihre<strong> Organisationen effizienter und agiler zu gestalten<\/strong>. Mit Expertise <strong>f\u00fcr Gesch\u00e4ftsmodelle und technologiegetriebene Anwendungen<\/strong> <strong>begleiten wir komplexe Business- und SAP-Transformationsprogramme von der Zieldefinition bis zur erfolgreichen Umsetzung<\/strong> und schaffen skalierbare, robuste und anpassungsf\u00e4hige Prozesse, die mit zuk\u00fcnftigen Anforderungen wachsen k\u00f6nnen.<br><\/p>\n<\/div>\n\n\n\n<div class=\"wp-block-column is-layout-flow wp-block-column-is-layout-flow\">\n<p><strong>Wir verbinden Strategieberatung und technologische Expertise<\/strong> und stellen Ihr Unternehmen in den Mittelpunkt. Wir m\u00f6chten die erste Wahl als ein <strong>vertrauensvoller Partner und spezialisierte Beratung<\/strong> f\u00fcr Unternehmen sein, die Wert auf hochwertige, praxisnahe Beratung und nachhaltige Transformation legen und Unterst\u00fctzung f\u00fcr Ihre Transformationsprogramme ben\u00f6tigen.<\/p>\n\n\n\n<p>Gleichzeitig entwickeln wir uns selbst kontinuierlich weiter, um <strong>dauerhaft Mehrwert f\u00fcr unsere Kunden<\/strong> und Mitarbeitenden zu schaffen.<\/p>\n<\/div>\n<\/div>\n<\/div>\n\n\n\n<div class=\"wp-block-group has-heading-color has-text-color has-link-color wp-elements-4dbe0ba75abad4c765e53937d1c0ae60 is-nowrap is-layout-flex wp-container-core-group-is-layout-bf89e6b8 wp-block-group-is-layout-flex\" style=\"padding-top:var(--wp--preset--spacing--small);padding-bottom:var(--wp--preset--spacing--small)\">\n<h1 class=\"wp-block-heading has-heading-color has-text-color has-link-color has-inter-font-family wp-elements-aba70fd3e0aef26e06c172c49f7337e1\">Erfahrung, die Wirkung zeigt.<\/h1>\n\n\n\n<hr class=\"wp-block-separator has-alpha-channel-opacity wp-container-content-9cfa9a5a\"\/>\n<\/div>\n\n\n\n<div class=\"wp-block-group is-nowrap is-layout-flex wp-container-core-group-is-layout-6c531013 wp-block-group-is-layout-flex\">\n<p class=\"has-small-font-size\">Wir <strong>vereinen Fachwissen aus Revision bzw. Wirtschaftspr\u00fcfung, Gesch\u00e4ftsprozessen und Prozessdesign<\/strong>, um hochwertige und robuste L\u00f6sungen zu liefern. Wir kennen <strong>regulatorische und pr\u00fcfungsrelevante Anforderungen und entwickeln Prozesse<\/strong>, die Risiken reduzieren und gleichzeitig effizient bleiben. Durch die <strong>Harmonisierung von Abl\u00e4ufen<\/strong> \u00fcber verschiedene Funktionen hinweg stellen wir einen durchg\u00e4ngigen Informationsfluss ohne Schnittstellenverluste sicher. <strong>Alle Prozesse werden konsequent an der Unternehmensstrategie und dem Operating Model ausgerichtet<\/strong> \u2013 f\u00fcr ein einheitliches Management Reporting sowie eine reibungslose Zusammenarbeit zwischen zentralen und lokalen Einheiten.<\/p>\n<\/div>\n<\/div>\n<\/div><\/div>\n<\/div>\n\n\n\n<div class=\"wp-block-group has-global-padding is-layout-constrained wp-block-group-is-layout-constrained\">\n<div class=\"wp-block-columns is-layout-flex wp-container-core-columns-is-layout-28f84493 wp-block-columns-is-layout-flex\">\n<div class=\"wp-block-column is-layout-flow wp-container-core-column-is-layout-a15fea31 wp-block-column-is-layout-flow\" style=\"padding-right:var(--wp--preset--spacing--small);padding-left:var(--wp--preset--spacing--small)\">\n<div class=\"wp-block-group is-nowrap is-layout-flex wp-container-core-group-is-layout-65d54e7b wp-block-group-is-layout-flex\" style=\"padding-top:var(--wp--preset--spacing--small);padding-right:var(--wp--preset--spacing--small);padding-bottom:var(--wp--preset--spacing--small);padding-left:var(--wp--preset--spacing--small)\">\n<h1 class=\"wp-block-heading has-heading-color has-text-color has-link-color has-inter-font-family wp-elements-e33a0504f1287dbb4c69046271f0d27e\">Wie wir Arbeiten und was wir K\u00f6nnen<\/h1>\n\n\n\n<hr class=\"wp-block-separator has-alpha-channel-opacity wp-container-content-9cfa9a5a\"\/>\n<\/div>\n\n\n\n<div class=\"wp-block-columns is-layout-flex wp-container-core-columns-is-layout-28f84493 wp-block-columns-is-layout-flex\">\n<div class=\"wp-block-column is-vertically-aligned-stretch is-layout-flow wp-block-column-is-layout-flow\" style=\"padding-top:var(--wp--preset--spacing--xx-small);padding-bottom:var(--wp--preset--spacing--xx-small)\">\n<figure class=\"wp-block-image aligncenter size-full is-resized wp-duotone-unset-1\" style=\"margin-top:0;margin-bottom:0\"><img loading=\"lazy\" decoding=\"async\" width=\"1636\" height=\"1636\" src=\"https:\/\/www.coreliant.de\/wp-content\/uploads\/2025\/11\/COR_Product-Coverage.webp\" alt=\"\" class=\"wp-image-138\" style=\"width:458px;height:auto\" srcset=\"https:\/\/www.coreliant.de\/wp-content\/uploads\/2025\/11\/COR_Product-Coverage.webp 1636w, https:\/\/www.coreliant.de\/wp-content\/uploads\/2025\/11\/COR_Product-Coverage-300x300.webp 300w, https:\/\/www.coreliant.de\/wp-content\/uploads\/2025\/11\/COR_Product-Coverage-1024x1024.webp 1024w, https:\/\/www.coreliant.de\/wp-content\/uploads\/2025\/11\/COR_Product-Coverage-150x150.webp 150w, https:\/\/www.coreliant.de\/wp-content\/uploads\/2025\/11\/COR_Product-Coverage-768x768.webp 768w, https:\/\/www.coreliant.de\/wp-content\/uploads\/2025\/11\/COR_Product-Coverage-1536x1536.webp 1536w\" sizes=\"auto, (max-width: 1636px) 100vw, 1636px\" \/><\/figure>\n<\/div>\n\n\n\n<div class=\"wp-block-column is-vertically-aligned-stretch is-layout-flow wp-block-column-is-layout-flow\">\n<div class=\"wp-block-group has-global-padding is-layout-constrained wp-block-group-is-layout-constrained\">\n<div class=\"wp-block-columns is-layout-flex wp-container-core-columns-is-layout-bb131731 wp-block-columns-is-layout-flex\" style=\"padding-right:var(--wp--preset--spacing--x-small);padding-left:var(--wp--preset--spacing--x-small)\">\n<div class=\"wp-block-column is-vertically-aligned-stretch has-primary-background-color has-background is-layout-flow wp-block-column-is-layout-flow\" style=\"border-radius:10px\">\n<div class=\"wp-block-group is-vertical is-content-justification-center is-layout-flex wp-container-core-group-is-layout-b6c228df wp-block-group-is-layout-flex\">\n<p class=\"has-text-align-center has-heading-color has-text-color has-link-color has-xxxx-large-font-size wp-elements-a761299548c4708fb890d0d9ccd235c1\" style=\"font-style:normal;font-weight:800\">13+<\/p>\n\n\n\n<p class=\"has-heading-color has-text-color has-link-color has-large-font-size wp-elements-1e1a3c70be6bf199540ffe2ac5403008\" style=\"padding-top:var(--wp--preset--spacing--x-small);padding-bottom:var(--wp--preset--spacing--x-small)\">Jahre<\/p>\n<\/div>\n<\/div>\n\n\n\n<div class=\"wp-block-column is-vertically-aligned-stretch has-primary-background-color has-background is-layout-flow wp-block-column-is-layout-flow\" style=\"border-radius:10px\">\n<div class=\"wp-block-group is-vertical is-content-justification-center is-layout-flex wp-container-core-group-is-layout-ce155fab wp-block-group-is-layout-flex\">\n<p class=\"has-text-align-center has-heading-color has-text-color has-link-color has-xxxx-large-font-size wp-elements-1e340b39a20aaca6019bb5c8e757a9c0\" style=\"font-style:normal;font-weight:800\">20+<\/p>\n\n\n\n<p class=\"has-heading-color has-text-color has-link-color has-large-font-size wp-elements-3a041d2418395ce0c720bbbcd6e949e5\" style=\"padding-top:var(--wp--preset--spacing--x-small);padding-bottom:var(--wp--preset--spacing--x-small)\">SAP Projekte<\/p>\n<\/div>\n<\/div>\n\n\n\n<div class=\"wp-block-column is-vertically-aligned-stretch has-primary-background-color has-background is-layout-flow wp-block-column-is-layout-flow\" style=\"border-radius:10px\">\n<div class=\"wp-block-group is-vertical is-content-justification-center is-layout-flex wp-container-core-group-is-layout-b6c228df wp-block-group-is-layout-flex\">\n<p class=\"has-text-align-center has-heading-color has-text-color has-link-color has-xxxx-large-font-size wp-elements-ae3671f40388579fc838127acbc87c97\" style=\"font-style:normal;font-weight:800\">10+<\/p>\n\n\n\n<p class=\"has-text-align-center has-heading-color has-text-color has-link-color has-large-font-size wp-elements-8c21b8abe632549d101cfaaaff2a02c2\" style=\"padding-top:var(--wp--preset--spacing--x-small);padding-bottom:var(--wp--preset--spacing--x-small)\">Industrien<\/p>\n<\/div>\n<\/div>\n<\/div>\n<\/div>\n\n\n\n<div class=\"wp-block-group is-nowrap is-layout-flex wp-container-core-group-is-layout-a7c6f53a wp-block-group-is-layout-flex\" style=\"padding-top:var(--wp--preset--spacing--xx-small);padding-right:var(--wp--preset--spacing--xx-small);padding-bottom:var(--wp--preset--spacing--xx-small);padding-left:var(--wp--preset--spacing--xx-small)\">\n<h2 class=\"wp-block-heading has-inter-font-family\" style=\"padding-top:var(--wp--preset--spacing--x-small);padding-right:var(--wp--preset--spacing--xx-small);padding-left:var(--wp--preset--spacing--xx-small)\">Aus Erfahrung Gebaut.  F\u00fcr Wachstum gemacht.<\/h2>\n<\/div>\n\n\n\n<div class=\"wp-block-group is-nowrap is-layout-flex wp-container-core-group-is-layout-e72e6636 wp-block-group-is-layout-flex\" style=\"padding-top:0;padding-right:var(--wp--preset--spacing--xx-small);padding-bottom:0;padding-left:var(--wp--preset--spacing--xx-small)\">\n<div class=\"wp-block-columns is-layout-flex wp-container-core-columns-is-layout-63579999 wp-block-columns-is-layout-flex\" style=\"padding-top:var(--wp--preset--spacing--xx-small);padding-right:var(--wp--preset--spacing--xx-small);padding-bottom:var(--wp--preset--spacing--xx-small);padding-left:var(--wp--preset--spacing--xx-small)\">\n<div class=\"wp-block-column is-layout-flow wp-block-column-is-layout-flow\" style=\"flex-basis:50%\">\n<p class=\"has-inter-font-family\"><strong>CORELIANT versteht sich als integrierte Beratung<\/strong>: Ausgehend <strong>vom Steuerungsmodell entwickeln<\/strong> wir gemeinsam <strong>das Betriebsmodell sowie die dazugeh\u00f6rigen Kernprozesse<\/strong>.<\/p>\n\n\n\n<p>Mit <strong>\u00fcber 13 Jahren Erfahrung<\/strong> in <strong>mehr als 20 SAP-Projekten<\/strong> und <strong>\u00fcber 10 Industrien<\/strong> bringen wir die Expertise mit,<\/p>\n<\/div>\n\n\n\n<div class=\"wp-block-column is-vertically-aligned-stretch is-layout-flow wp-block-column-is-layout-flow\" style=\"flex-basis:50%\">\n<p>um End-to-End Betriebsmodelle und Gesch\u00e4ftsprozesse wirksam umzusetzen. Dabei <strong>richten wir logistische Prozesse in Einkauf, Produktion, Vertrieb und Service konsequent an dem Steuerungskonzept aus<\/strong> \u2013 f\u00fcr ein skalierbares und zukunftsf\u00e4higes Betriebsmodell.<\/p>\n<\/div>\n<\/div>\n<\/div>\n<\/div>\n<\/div>\n<\/div>\n<\/div>\n<\/div>\n","protected":false},"excerpt":{"rendered":"<p>Wie wir Arbeiten und was wir K\u00f6nnen 13+ Jahre 20+ SAP Projekte 10+ Industrien Aus Erfahrung Gebaut. F\u00fcr Wachstum gemacht. CORELIANT versteht sich als integrierte Beratung: Ausgehend vom Steuerungsmodell entwickeln wir gemeinsam das Betriebsmodell sowie die dazugeh\u00f6rigen Kernprozesse. Mit \u00fcber 13 Jahren Erfahrung in mehr als 20 SAP-Projekten und \u00fcber 10 Industrien bringen wir die [&hellip;]<\/p>\n","protected":false},"author":1,"featured_media":0,"parent":0,"menu_order":0,"comment_status":"closed","ping_status":"closed","template":"full-width","meta":{"footnotes":""},"class_list":["post-117","page","type-page","status-publish","hentry"],"aioseo_notices":[],"_links":{"self":[{"href":"https:\/\/www.coreliant.de\/index.php?rest_route=\/wp\/v2\/pages\/117","targetHints":{"allow":["GET"]}}],"collection":[{"href":"https:\/\/www.coreliant.de\/index.php?rest_route=\/wp\/v2\/pages"}],"about":[{"href":"https:\/\/www.coreliant.de\/index.php?rest_route=\/wp\/v2\/types\/page"}],"author":[{"embeddable":true,"href":"https:\/\/www.coreliant.de\/index.php?rest_route=\/wp\/v2\/users\/1"}],"replies":[{"embeddable":true,"href":"https:\/\/www.coreliant.de\/index.php?rest_route=%2Fwp%2Fv2%2Fcomments&post=117"}],"version-history":[{"count":64,"href":"https:\/\/www.coreliant.de\/index.php?rest_route=\/wp\/v2\/pages\/117\/revisions"}],"predecessor-version":[{"id":404,"href":"https:\/\/www.coreliant.de\/index.php?rest_route=\/wp\/v2\/pages\/117\/revisions\/404"}],"wp:attachment":[{"href":"https:\/\/www.coreliant.de\/index.php?rest_route=%2Fwp%2Fv2%2Fmedia&parent=117"}],"curies":[{"name":"wp","href":"https:\/\/api.w.org\/{rel}","templated":true}]}}