{"id":195,"date":"2025-11-10T19:57:56","date_gmt":"2025-11-10T19:57:56","guid":{"rendered":"https:\/\/www.coreliant.de\/?page_id=195"},"modified":"2025-11-13T13:01:27","modified_gmt":"2025-11-13T13:01:27","slug":"imprint_de_de","status":"publish","type":"page","link":"https:\/\/www.coreliant.de\/?page_id=195","title":{"rendered":"Imprint_de_DE"},"content":{"rendered":"\n<div class=\"wp-block-group has-global-padding is-layout-constrained wp-block-group-is-layout-constrained\">\n<div class=\"wp-block-columns is-layout-flex wp-container-core-columns-is-layout-37b76261 wp-block-columns-is-layout-flex\" style=\"padding-top:0;padding-right:var(--wp--preset--spacing--x-small);padding-bottom:0;padding-left:var(--wp--preset--spacing--x-small)\">\n<div class=\"wp-block-column is-layout-flow wp-block-column-is-layout-flow\" style=\"flex-basis:70%\">\n<h1 class=\"wp-block-heading has-heading-color has-text-color has-link-color has-inter-font-family wp-elements-89f8935221ab1acacaf21ac43314c428\" style=\"font-style:normal;font-weight:700\">Impressum<\/h1>\n<\/div>\n\n\n\n<div class=\"wp-block-column is-layout-flow wp-block-column-is-layout-flow\" style=\"flex-basis:30%\"><\/div>\n<\/div>\n\n\n\n<div class=\"wp-block-columns is-layout-flex wp-container-core-columns-is-layout-2e37c9b8 wp-block-columns-is-layout-flex\" style=\"padding-top:var(--wp--preset--spacing--small);padding-right:var(--wp--preset--spacing--x-small);padding-bottom:var(--wp--preset--spacing--x-small);padding-left:var(--wp--preset--spacing--x-small)\">\n<div class=\"wp-block-column is-layout-flow wp-block-column-is-layout-flow\" style=\"flex-basis:70%\">\n<p>Unternehmensangaben nach \u00a7 5 Digitale Dienste Gesetz (DDG) und \u00a7\u00a7 2,3 Dienstleistungs-Informationspflichten-Verordnung (DL-InfoV) sowie \u00a7 18 Abs. 2 Medienstaatsvertrag (MStV).<\/p>\n\n\n\n<p style=\"font-style:normal;font-weight:700\">Dieses Impressum gilt auch f\u00fcr die Darstellung unseres Unternehmens auf:<\/p>\n\n\n\n<p style=\"padding-bottom:var(--wp--preset--spacing--medium)\">LinkedIn:<\/p>\n\n\n\n<p style=\"font-style:normal;font-weight:700\">CORELIANT GmbH<br>Heinz-Fangman-Str. 2-6, Haus 4<br>42287 Wuppertal<\/p>\n\n\n\n<p>Gesch\u00e4ftsf\u00fchrung: Andre Losing<\/p>\n\n\n\n<p style=\"font-style:normal;font-weight:700\">E-Mail: info@coreliant.de<\/p>\n\n\n\n<p>Sitz: Wuppertal &#8211; Amtsgericht Wuppertal HRB<\/p>\n\n\n\n<p>Umsatzsteuerindentifikations-Nr.:<\/p>\n\n\n\n<p style=\"font-style:normal;font-weight:700\">Berufshaftpflichtversicherung:<\/p>\n\n\n\n<p style=\"padding-bottom:var(--wp--preset--spacing--small)\">Die CORELIANT GmbH unterh\u00e4lt eine Berufshaftpflicht bei der HISCOX SA, Bernhard-Wicki-Str. 3, 80636 M\u00fcnchen, Deutschland. <br>Der r\u00e4umliche Geltungsbereich des Versicherungsschutzes ist nicht beschr\u00e4nkt.<\/p>\n\n\n\n<p style=\"font-style:normal;font-weight:700\">Journalistisch-redaktionell Verantwortlicher i.S.d. \u00a7 18 Abs. 2&nbsp;Medienstaatsvertrag (MStV):<\/p>\n\n\n\n<p>Andre Losing<br>CORELIANT GmbH<br>Heinz-Fangman-Str. 2-6, Haus 4<br>42287 Wuppertal<\/p>\n<\/div>\n\n\n\n<div class=\"wp-block-column is-layout-flow wp-block-column-is-layout-flow\" style=\"flex-basis:30%\"><\/div>\n<\/div>\n<\/div>\n","protected":false},"excerpt":{"rendered":"<p>Impressum Unternehmensangaben nach \u00a7 5 Digitale Dienste Gesetz (DDG) und \u00a7\u00a7 2,3 Dienstleistungs-Informationspflichten-Verordnung (DL-InfoV) sowie \u00a7 18 Abs. 2 Medienstaatsvertrag (MStV). Dieses Impressum gilt auch f\u00fcr die Darstellung unseres Unternehmens auf: LinkedIn: CORELIANT GmbHHeinz-Fangman-Str. 2-6, Haus 442287 Wuppertal Gesch\u00e4ftsf\u00fchrung: Andre Losing E-Mail: info@coreliant.de Sitz: Wuppertal &#8211; Amtsgericht Wuppertal HRB Umsatzsteuerindentifikations-Nr.: Berufshaftpflichtversicherung: Die CORELIANT GmbH unterh\u00e4lt [&hellip;]<\/p>\n","protected":false},"author":1,"featured_media":0,"parent":0,"menu_order":0,"comment_status":"closed","ping_status":"closed","template":"full-width","meta":{"footnotes":""},"class_list":["post-195","page","type-page","status-publish","hentry"],"aioseo_notices":[],"_links":{"self":[{"href":"https:\/\/www.coreliant.de\/index.php?rest_route=\/wp\/v2\/pages\/195","targetHints":{"allow":["GET"]}}],"collection":[{"href":"https:\/\/www.coreliant.de\/index.php?rest_route=\/wp\/v2\/pages"}],"about":[{"href":"https:\/\/www.coreliant.de\/index.php?rest_route=\/wp\/v2\/types\/page"}],"author":[{"embeddable":true,"href":"https:\/\/www.coreliant.de\/index.php?rest_route=\/wp\/v2\/users\/1"}],"replies":[{"embeddable":true,"href":"https:\/\/www.coreliant.de\/index.php?rest_route=%2Fwp%2Fv2%2Fcomments&post=195"}],"version-history":[{"count":7,"href":"https:\/\/www.coreliant.de\/index.php?rest_route=\/wp\/v2\/pages\/195\/revisions"}],"predecessor-version":[{"id":411,"href":"https:\/\/www.coreliant.de\/index.php?rest_route=\/wp\/v2\/pages\/195\/revisions\/411"}],"wp:attachment":[{"href":"https:\/\/www.coreliant.de\/index.php?rest_route=%2Fwp%2Fv2%2Fmedia&parent=195"}],"curies":[{"name":"wp","href":"https:\/\/api.w.org\/{rel}","templated":true}]}}