{"id":198,"date":"2025-11-10T19:57:46","date_gmt":"2025-11-10T19:57:46","guid":{"rendered":"https:\/\/www.coreliant.de\/?page_id=198"},"modified":"2025-11-13T21:24:15","modified_gmt":"2025-11-13T21:24:15","slug":"disclaimer_de_de","status":"publish","type":"page","link":"https:\/\/www.coreliant.de\/?page_id=198","title":{"rendered":"Disclaimer_de_DE"},"content":{"rendered":"\n<div class=\"wp-block-group alignfull has-global-padding is-layout-constrained wp-block-group-is-layout-constrained\">\n<div class=\"wp-block-columns is-layout-flex wp-container-core-columns-is-layout-0c59a8b4 wp-block-columns-is-layout-flex\" style=\"padding-right:var(--wp--preset--spacing--x-small);padding-bottom:var(--wp--preset--spacing--xx-small);padding-left:var(--wp--preset--spacing--x-small)\">\n<div class=\"wp-block-column is-layout-flow wp-block-column-is-layout-flow\" style=\"padding-right:var(--wp--preset--spacing--xx-small);padding-left:var(--wp--preset--spacing--xx-small);flex-basis:70%\">\n<h1 class=\"wp-block-heading has-heading-color has-text-color has-link-color has-inter-font-family wp-elements-d1d6eef8ee407f302cb3ee597bc4ffa1\">DISCLAIMER<\/h1>\n<\/div>\n\n\n\n<div class=\"wp-block-column is-layout-flow wp-block-column-is-layout-flow\" style=\"flex-basis:30px\"><\/div>\n<\/div>\n\n\n\n<div class=\"wp-block-columns is-layout-flex wp-container-core-columns-is-layout-183aa4bb wp-block-columns-is-layout-flex\" style=\"padding-right:var(--wp--preset--spacing--x-small);padding-bottom:var(--wp--preset--spacing--small);padding-left:var(--wp--preset--spacing--x-small)\">\n<div class=\"wp-block-column is-layout-flow wp-block-column-is-layout-flow\" style=\"padding-right:var(--wp--preset--spacing--xx-small);padding-left:var(--wp--preset--spacing--xx-small);flex-basis:70%\">\n<p>Die Informationen auf dieser Website sind allgemeiner Art und dienen lediglich dazu, die CORELIANT GmbH dem interessierten Internetnutzer vorzustellen. CORELIANT \u00fcbernimmt die Haftung f\u00fcr die Inhalte seiner Webseiten gem\u00e4\u00df den gesetzlichen Bestimmungen. Die Zusammenstellung der Informationen erfolgt mit der gebotenen Sorgfalt.<\/p>\n\n\n\n<p>F\u00fcr Entscheidungen, die der Verwender auf Grund der vorgenannten Informationen trifft, \u00fcbernehmen wir keine Verantwortung. Wir weisen darauf hin, dass der vorliegende Inhalt keine  fachliche Auskunft oder Empfehlung darstellt und nicht geeignet ist, eine individuelle Beratung durch fachkundige Personen unter Ber\u00fccksichtigung der konkreten Umst\u00e4nde des Einzelfalles zu ersetzen. CORELIANT beh\u00e4lt sich das Recht vor, die auf dieser Website angebotenen Informationen, Produkte oder Dienstleistungen ohne gesonderte Ank\u00fcndigung jederzeit zu ver\u00e4ndern oder zu aktualisieren.<\/p>\n\n\n\n<p>Die Nutzung des Internets erfolgt auf eigene Gefahr des Nutzers. CORELIANT haftet vor allem nicht f\u00fcr den technisch bedingten Ausfall des Internets bzw. des Zugangs zum Internet.<\/p>\n\n\n\n<p style=\"padding-bottom:var(--wp--preset--spacing--small)\">F\u00fcr gegebenenfalls bestehende oder k\u00fcnftig entstehende Rechtsverh\u00e4ltnisse ist ausschlie\u00dflich deutsches Recht anwendbar und sind nur deutsche Gerichte zust\u00e4ndig.<\/p>\n<\/div>\n\n\n\n<div class=\"wp-block-column is-layout-flow wp-block-column-is-layout-flow\" style=\"flex-basis:30px\"><\/div>\n<\/div>\n<\/div>\n","protected":false},"excerpt":{"rendered":"<p>DISCLAIMER Die Informationen auf dieser Website sind allgemeiner Art und dienen lediglich dazu, die CORELIANT GmbH dem interessierten Internetnutzer vorzustellen. CORELIANT \u00fcbernimmt die Haftung f\u00fcr die Inhalte seiner Webseiten gem\u00e4\u00df den gesetzlichen Bestimmungen. Die Zusammenstellung der Informationen erfolgt mit der gebotenen Sorgfalt. F\u00fcr Entscheidungen, die der Verwender auf Grund der vorgenannten Informationen trifft, \u00fcbernehmen wir [&hellip;]<\/p>\n","protected":false},"author":1,"featured_media":0,"parent":0,"menu_order":0,"comment_status":"closed","ping_status":"closed","template":"full-width","meta":{"footnotes":""},"class_list":["post-198","page","type-page","status-publish","hentry"],"aioseo_notices":[],"_links":{"self":[{"href":"https:\/\/www.coreliant.de\/index.php?rest_route=\/wp\/v2\/pages\/198","targetHints":{"allow":["GET"]}}],"collection":[{"href":"https:\/\/www.coreliant.de\/index.php?rest_route=\/wp\/v2\/pages"}],"about":[{"href":"https:\/\/www.coreliant.de\/index.php?rest_route=\/wp\/v2\/types\/page"}],"author":[{"embeddable":true,"href":"https:\/\/www.coreliant.de\/index.php?rest_route=\/wp\/v2\/users\/1"}],"replies":[{"embeddable":true,"href":"https:\/\/www.coreliant.de\/index.php?rest_route=%2Fwp%2Fv2%2Fcomments&post=198"}],"version-history":[{"count":16,"href":"https:\/\/www.coreliant.de\/index.php?rest_route=\/wp\/v2\/pages\/198\/revisions"}],"predecessor-version":[{"id":410,"href":"https:\/\/www.coreliant.de\/index.php?rest_route=\/wp\/v2\/pages\/198\/revisions\/410"}],"wp:attachment":[{"href":"https:\/\/www.coreliant.de\/index.php?rest_route=%2Fwp%2Fv2%2Fmedia&parent=198"}],"curies":[{"name":"wp","href":"https:\/\/api.w.org\/{rel}","templated":true}]}}