{"id":57,"date":"2025-11-06T13:55:46","date_gmt":"2025-11-06T13:55:46","guid":{"rendered":"https:\/\/www.coreliant.de\/?page_id=57"},"modified":"2025-11-13T23:24:21","modified_gmt":"2025-11-13T23:24:21","slug":"home_de_de","status":"publish","type":"page","link":"https:\/\/www.coreliant.de\/","title":{"rendered":"Home_de_DE"},"content":{"rendered":"\n<div class=\"wp-block-group has-global-padding is-layout-constrained wp-block-group-is-layout-constrained\">\n<div class=\"wp-block-group is-nowrap is-layout-flex wp-container-core-group-is-layout-6c531013 wp-block-group-is-layout-flex\">\n<div class=\"wp-block-columns is-layout-flex wp-container-core-columns-is-layout-cbbf8ae3 wp-block-columns-is-layout-flex\" style=\"padding-top:var(--wp--preset--spacing--large);padding-bottom:var(--wp--preset--spacing--large)\">\n<div class=\"wp-block-column is-layout-flow wp-container-core-column-is-layout-fd8f1317 wp-block-column-is-layout-flow\" style=\"padding-top:var(--wp--preset--spacing--x-small);padding-right:var(--wp--preset--spacing--x-small);padding-bottom:var(--wp--preset--spacing--x-small);padding-left:var(--wp--preset--spacing--x-small);flex-basis:60%\">\n<h1 class=\"wp-block-heading has-heading-color has-text-color has-link-color has-inter-font-family wp-elements-7447c316744e8ad90c669799e24895b5\" style=\"padding-bottom:var(--wp--preset--spacing--medium)\">Gemeinsam wachsen wir \u00fcber uns hinaus.<\/h1>\n\n\n\n<p class=\"has-small-font-size\" style=\"padding-bottom:var(--wp--preset--spacing--small)\"><strong>Business-Transformation ist komplex \u2013 aber sie muss nicht chaotisch sein.<\/strong><br>SAP-Programme ber\u00fchren jede Ebene einer Organisation, und echter Mehrwert entsteht nur, wenn Strategie, Betriebsmodelle und Prozesse von Anfang an aufeinander abgestimmt sind.<\/p>\n\n\n\n<p class=\"has-small-font-size\"><strong>CORELIANT<\/strong> bringt Klarheit und Momentum in diesen Weg.<br>Wir strukturieren Ihre Transformation, definieren den passenden Implementierungspfad und gestalten ein Prozessmodell, das auf Leistung ausgelegt ist. Von der Vision bis zur Umsetzung helfen wir Ihnen, Komplexit\u00e4t in Fortschritt zu verwandeln \u2013 und gemeinsam \u00fcber Grenzen hinauszuwachsen.<\/p>\n<\/div>\n\n\n\n<div class=\"wp-block-column is-vertically-aligned-stretch has-global-padding is-layout-constrained wp-block-column-is-layout-constrained\" style=\"flex-basis:50%\">\n<figure class=\"wp-block-image wp-duotone-unset-1\" style=\"margin-top:var(--wp--preset--spacing--small)\"><img loading=\"lazy\" decoding=\"async\" width=\"1920\" height=\"1280\" src=\"https:\/\/www.coreliant.de\/wp-content\/uploads\/2025\/11\/COR_Consulting_Together.webp\" alt=\"\" class=\"wp-image-29\" srcset=\"https:\/\/www.coreliant.de\/wp-content\/uploads\/2025\/11\/COR_Consulting_Together.webp 1920w, https:\/\/www.coreliant.de\/wp-content\/uploads\/2025\/11\/COR_Consulting_Together-300x200.webp 300w, https:\/\/www.coreliant.de\/wp-content\/uploads\/2025\/11\/COR_Consulting_Together-1024x683.webp 1024w, https:\/\/www.coreliant.de\/wp-content\/uploads\/2025\/11\/COR_Consulting_Together-768x512.webp 768w, https:\/\/www.coreliant.de\/wp-content\/uploads\/2025\/11\/COR_Consulting_Together-1536x1024.webp 1536w\" sizes=\"auto, (max-width: 1920px) 100vw, 1920px\" \/><\/figure>\n<\/div>\n<\/div>\n<\/div>\n<\/div>\n\n\n\n<div class=\"wp-block-group has-background has-global-padding is-layout-constrained wp-container-core-group-is-layout-be04af43 wp-block-group-is-layout-constrained\" style=\"background-color:#adffad3b;margin-top:0;margin-bottom:0\">\n<div class=\"wp-block-group is-nowrap is-layout-flex wp-container-core-group-is-layout-d9e79836 wp-block-group-is-layout-flex\" style=\"padding-top:var(--wp--preset--spacing--xx-small);padding-bottom:var(--wp--preset--spacing--large)\">\n<h1 class=\"wp-block-heading has-heading-color has-text-color has-link-color has-inter-font-family wp-elements-8596ea1dd6bafcd308dac650b7fd045c\" style=\"padding-right:0;padding-left:0\">Unsere Services<\/h1>\n\n\n\n<hr class=\"wp-block-separator has-alpha-channel-opacity is-style-default wp-container-content-9cfa9a5a\"\/>\n<\/div>\n\n\n\n<div class=\"wp-block-columns is-layout-flex wp-container-core-columns-is-layout-28f84493 wp-block-columns-is-layout-flex\">\n<div class=\"wp-block-column is-layout-flow wp-block-column-is-layout-flow\">\n<div class=\"wp-block-group has-global-padding is-layout-constrained wp-block-group-is-layout-constrained\" style=\"min-height:110px\">\n<h2 class=\"wp-block-heading has-heading-color has-text-color has-link-color has-inter-font-family wp-elements-653f23c69586fc49ca54abf1e31df04d\" style=\"padding-bottom:0\">Agil handeln und Effizienz beschleunigen.<\/h2>\n<\/div>\n\n\n\n<figure class=\"wp-block-image size-full has-custom-border\"><img loading=\"lazy\" decoding=\"async\" width=\"1086\" height=\"720\" src=\"https:\/\/www.coreliant.de\/wp-content\/uploads\/2025\/11\/1624460125127.webp\" alt=\"\" class=\"wp-image-48\" style=\"border-radius:5px;aspect-ratio:3\/2;object-fit:cover\"\/><\/figure>\n\n\n\n<p>Damit Unternehmen datenbasiert schneller auf die sich st\u00e4ndig \u00e4ndernden Rahmenbedingungen reagieren k\u00f6nnen, <strong>entwickeln und passen wir gemeinsam deren Steuerungs- und Betriebsmodelle an<\/strong>. Durch die Verzahnung des Steuerungsmodells mit der Organisation und der IT steigern wir die Effizienz und reduzieren Kosten.<\/p>\n<\/div>\n\n\n\n<div class=\"wp-block-column is-layout-flow wp-block-column-is-layout-flow\">\n<div class=\"wp-block-group has-global-padding is-layout-constrained wp-block-group-is-layout-constrained\" style=\"min-height:110px\">\n<h2 class=\"wp-block-heading has-heading-color has-text-color has-link-color has-inter-font-family wp-elements-e7612072baa324b67bf05abb352da097\" style=\"padding-bottom:0\">Von Komplexit\u00e4t zur Transparenz<\/h2>\n<\/div>\n\n\n\n<figure class=\"wp-block-image size-large has-custom-border\"><img loading=\"lazy\" decoding=\"async\" width=\"1024\" height=\"683\" src=\"https:\/\/www.coreliant.de\/wp-content\/uploads\/2025\/11\/ChatGPT-Image-27.-Okt.-2025-00_19_29-1024x683.webp\" alt=\"\" class=\"wp-image-44\" style=\"border-radius:5px;aspect-ratio:3\/2;object-fit:cover\" srcset=\"https:\/\/www.coreliant.de\/wp-content\/uploads\/2025\/11\/ChatGPT-Image-27.-Okt.-2025-00_19_29-1024x683.webp 1024w, https:\/\/www.coreliant.de\/wp-content\/uploads\/2025\/11\/ChatGPT-Image-27.-Okt.-2025-00_19_29-300x200.webp 300w, https:\/\/www.coreliant.de\/wp-content\/uploads\/2025\/11\/ChatGPT-Image-27.-Okt.-2025-00_19_29-768x512.webp 768w, https:\/\/www.coreliant.de\/wp-content\/uploads\/2025\/11\/ChatGPT-Image-27.-Okt.-2025-00_19_29.webp 1536w\" sizes=\"auto, (max-width: 1024px) 100vw, 1024px\" \/><\/figure>\n\n\n\n<p style=\"padding-top:var(--wp--preset--spacing--xx-small);padding-bottom:var(--wp--preset--spacing--xx-small)\"><strong>Wir digitalisieren Prozessabl\u00e4ufe <\/strong>f\u00fcr mehr Agilit\u00e4t und Transparenz \u2013 wir straffen Prozesse, harmonisieren Funktionen <strong>und steigern deren Effizienz durch Automatisierung<\/strong> und Nutzung von KI um datengest\u00fctzte Erkenntnisse zu generieren und Unternehmen schneller und kl\u00fcger handeln k\u00f6nnen.<\/p>\n<\/div>\n\n\n\n<div class=\"wp-block-column is-layout-flow wp-block-column-is-layout-flow\">\n<div class=\"wp-block-group has-global-padding is-layout-constrained wp-block-group-is-layout-constrained\" style=\"min-height:110px\">\n<h2 class=\"wp-block-heading has-heading-color has-text-color has-link-color has-inter-font-family wp-elements-e98a551bc38cdf616638e56a3df71e67\">Von der Konzeption bis zur Umsetzung \u2013 SAP einfach gemacht.<\/h2>\n<\/div>\n\n\n\n<figure class=\"wp-block-image size-full has-custom-border\"><img loading=\"lazy\" decoding=\"async\" width=\"700\" height=\"342\" src=\"https:\/\/www.coreliant.de\/wp-content\/uploads\/2025\/11\/2532-SAP.webp\" alt=\"\" class=\"wp-image-45\" style=\"border-radius:5px;aspect-ratio:3\/2;object-fit:cover\" srcset=\"https:\/\/www.coreliant.de\/wp-content\/uploads\/2025\/11\/2532-SAP.webp 700w, https:\/\/www.coreliant.de\/wp-content\/uploads\/2025\/11\/2532-SAP-300x147.webp 300w\" sizes=\"auto, (max-width: 700px) 100vw, 700px\" \/><\/figure>\n\n\n\n<p style=\"padding-top:var(--wp--preset--spacing--xx-small);padding-bottom:var(--wp--preset--spacing--xx-small)\">In einer sich kontinuierlich \u00e4ndernden Welt, in der disruptive Technologien den \u00c4nderungsdruck beschleunigen, unterst\u00fctzen wir Unternehmen, sich zu transformieren und an die Umwelt anzupassen. <strong>Wir verkn\u00fcpfen Strategie und Technologie<\/strong> <strong>und entwickeln Unternehmen kontinuierlich weiter<\/strong>. Damit schaffen wir  nachhaltigen Mehrwert f\u00fcr unsere Kunden.<\/p>\n<\/div>\n<\/div>\n<\/div>\n\n\n\n<div class=\"wp-block-cover alignfull is-light has-aspect-ratio\" style=\"padding-top:0;padding-bottom:0;aspect-ratio:4\/3;min-height:unset;\"><img loading=\"lazy\" decoding=\"async\" width=\"1536\" height=\"1024\" class=\"wp-block-cover__image-background wp-image-87 size-full\" alt=\"\" src=\"https:\/\/www.coreliant.de\/wp-content\/uploads\/2025\/11\/ChatGPT-Image-6.-Nov.-2025-13_55_13.webp\" style=\"object-position:50% 0%\" data-object-fit=\"cover\" data-object-position=\"50% 0%\" srcset=\"https:\/\/www.coreliant.de\/wp-content\/uploads\/2025\/11\/ChatGPT-Image-6.-Nov.-2025-13_55_13.webp 1536w, https:\/\/www.coreliant.de\/wp-content\/uploads\/2025\/11\/ChatGPT-Image-6.-Nov.-2025-13_55_13-300x200.webp 300w, https:\/\/www.coreliant.de\/wp-content\/uploads\/2025\/11\/ChatGPT-Image-6.-Nov.-2025-13_55_13-1024x683.webp 1024w, https:\/\/www.coreliant.de\/wp-content\/uploads\/2025\/11\/ChatGPT-Image-6.-Nov.-2025-13_55_13-768x512.webp 768w\" sizes=\"auto, (max-width: 1536px) 100vw, 1536px\" \/><span aria-hidden=\"true\" class=\"wp-block-cover__background has-background-dim\" style=\"background-color:#9c8e86\"><\/span><div class=\"wp-block-cover__inner-container has-global-padding is-layout-constrained wp-block-cover-is-layout-constrained\">\n<div class=\"wp-block-columns are-vertically-aligned-top is-layout-flex wp-container-core-columns-is-layout-28f84493 wp-block-columns-is-layout-flex\">\n<div class=\"wp-block-column is-vertically-aligned-top has-background has-global-padding is-layout-constrained wp-container-core-column-is-layout-7ec4036c wp-block-column-is-layout-constrained\" style=\"background-color:#e8e8e87d;padding-top:var(--wp--preset--spacing--x-small);padding-right:var(--wp--preset--spacing--x-small);padding-bottom:var(--wp--preset--spacing--x-small);padding-left:var(--wp--preset--spacing--x-small)\">\n<h1 class=\"wp-block-heading has-heading-color has-text-color has-link-color has-inter-font-family wp-elements-d42d33be5c4ea74ab638efb89a9e8e07\">Ihre Fragen, unkompliziert beantwortet.<\/h1>\n\n\n\n<p class=\"has-text-align-left\"><strong>Neugierig, wie wir arbeiten, was wir liefern oder wo Sie starten sollten?<\/strong> Dann sind Sie hier genau richtig. In unserem FAQ-Bereich finden Sie die wichtigsten Infos \u2013 klar, direkt und ohne Fachchinesisch. Egal, ob Sie mehr \u00fcber unsere SAP-Expertise, unseren Transformationsansatz oder unser Partnerschaftsmodell erfahren m\u00f6chten, hier bekommen Sie schnelle Antworten, die Ihnen Sicherheit f\u00fcr die n\u00e4chsten Schritte geben.<\/p>\n<\/div>\n\n\n\n<div class=\"wp-block-column is-vertically-aligned-top has-background has-global-padding is-layout-constrained wp-container-core-column-is-layout-3a820303 wp-block-column-is-layout-constrained\" style=\"background-color:#e8e8e87d;padding-right:var(--wp--preset--spacing--small);padding-left:var(--wp--preset--spacing--small)\">\n<details class=\"wp-block-details has-small-font-size is-layout-flow wp-block-details-is-layout-flow\" style=\"padding-top:var(--wp--preset--spacing--x-small);padding-bottom:var(--wp--preset--spacing--x-small)\"><summary>Warum sollten <strong>CORELIANT <\/strong>uns bei einer SAP S\/4HANA Transformation unterst\u00fctzen?<\/summary>\n<p class=\"has-small-font-size\"><strong>CORELIANT <\/strong>vereint tiefgehendes Finanz- und Controlling-Know-how (FI\/CO) mit umfangreicher <strong>Erfahrung in der Integration<\/strong> <strong>in<\/strong> zentrale Logistikmodule wie<strong> SD, MM, Service und PS<\/strong>. <br><strong>Wir agieren als echte Business Integratoren<\/strong> und Solution Architekten \u2013 wir v<strong>erbinden Prozesse \u00fcber die gesamte Wertsch\u00f6pfungskette<\/strong> hinweg. Zudem haben wir <strong>besondere Expertise mit Leasing-<\/strong>, Miet- und Abo-Modellen und deren Implementierungen in einer SAP-Umgebung, die nicht nur perfekt zu Ihrem heutigen Gesch\u00e4ft passen, sondern auch morgen problemlos mitwachsen.<\/p>\n<\/details>\n\n\n\n<details class=\"wp-block-details has-small-font-size is-layout-flow wp-block-details-is-layout-flow\" style=\"padding-top:var(--wp--preset--spacing--x-small);padding-bottom:var(--wp--preset--spacing--x-small)\"><summary>Wie setzt <strong>CORELIANT <\/strong>die Implementierungsziele einer S\/4HANA-Transformation in greifbare Ergebnisse um?<\/summary>\n<p class=\"has-small-font-size\">Wir setzen auf einen ganzheitlichen Ansatz, der exakt auf die Implementierungsziele unserer Kunden zugeschnitten ist. <br><strong>Dabei verbinden wir die strategische Unternehmenssicht mit dem zuk\u00fcnftigen Steuerungsmodell<\/strong> und <strong>koppeln diese<\/strong> Vision <strong>an das Zielbetriebsmodell<\/strong>, um die notwendigen Gesch\u00e4ftsprozesse zu definieren. <br>W\u00e4hrend der Umsetzung messen wir die definierten Prozesse und Zielgr\u00f6\u00dfen des Steuerungsmodells und justieren bei Bedarf nach. <strong>Standardisierung steht bei uns im Mittelpunkt<\/strong>, sodass zuk\u00fcnftige Anpassungen schlank umgesetzt werden k\u00f6nnen. Wo individuelle L\u00f6sungen n\u00f6tig sind, um Alleinstellungsmerkmale zu st\u00e4rken, sorgt unser Ansatz daf\u00fcr, dass dieser strategische Vorteil ausgebaut wird \u2013 damit unsere Kunden auch in Zukunft leistungsstarke Unternehmen aufbauen k\u00f6nnen.<\/p>\n<\/details>\n\n\n\n<details class=\"wp-block-details has-small-font-size is-layout-flow wp-block-details-is-layout-flow\" style=\"padding-top:var(--wp--preset--spacing--x-small);padding-bottom:var(--wp--preset--spacing--x-small)\"><summary>Wie sieht eine Partnerschaft mit <strong>CORELIANT <\/strong>in der Praxis aus?<\/summary>\n<p class=\"has-small-font-size\"><strong>Eine Partnerschaft mit CORELIANT bedeutet <\/strong>Zusammenarbeit ohne Schnickschnack \u2013 <strong>praxisnah, transparent und ergebnisorientiert<\/strong>. Wir verbinden strategische Einsichten mit tiefgehender Fachkompetenz, um Ideen in messbare Fortschritte zu verwandeln. <br><strong>Seite an Seite mit Ihren Teams<\/strong> definieren wir klare, wertvolle Anforderungen f\u00fcr Implementierungspartner und bef\u00e4higen Key-User durch Migration, Abstimmung, SIT\/UAT und Hypercare. <br>Dar\u00fcber hinaus bauen wir F\u00e4higkeiten und Vertrauen auf, und schaffen Partnerschaften, die auf gegenseitigem Wachstum und nachhaltiger Wirkung basieren.<\/p>\n<\/details>\n<\/div>\n<\/div>\n<\/div><\/div>\n","protected":false},"excerpt":{"rendered":"<p>Gemeinsam wachsen wir \u00fcber uns hinaus. Business-Transformation ist komplex \u2013 aber sie muss nicht chaotisch sein.SAP-Programme ber\u00fchren jede Ebene einer Organisation, und echter Mehrwert entsteht nur, wenn Strategie, Betriebsmodelle und Prozesse von Anfang an aufeinander abgestimmt sind. CORELIANT bringt Klarheit und Momentum in diesen Weg.Wir strukturieren Ihre Transformation, definieren den passenden Implementierungspfad und gestalten ein [&hellip;]<\/p>\n","protected":false},"author":1,"featured_media":0,"parent":0,"menu_order":0,"comment_status":"closed","ping_status":"closed","template":"full-width","meta":{"footnotes":""},"class_list":["post-57","page","type-page","status-publish","hentry"],"aioseo_notices":[],"_links":{"self":[{"href":"https:\/\/www.coreliant.de\/index.php?rest_route=\/wp\/v2\/pages\/57","targetHints":{"allow":["GET"]}}],"collection":[{"href":"https:\/\/www.coreliant.de\/index.php?rest_route=\/wp\/v2\/pages"}],"about":[{"href":"https:\/\/www.coreliant.de\/index.php?rest_route=\/wp\/v2\/types\/page"}],"author":[{"embeddable":true,"href":"https:\/\/www.coreliant.de\/index.php?rest_route=\/wp\/v2\/users\/1"}],"replies":[{"embeddable":true,"href":"https:\/\/www.coreliant.de\/index.php?rest_route=%2Fwp%2Fv2%2Fcomments&post=57"}],"version-history":[{"count":51,"href":"https:\/\/www.coreliant.de\/index.php?rest_route=\/wp\/v2\/pages\/57\/revisions"}],"predecessor-version":[{"id":459,"href":"https:\/\/www.coreliant.de\/index.php?rest_route=\/wp\/v2\/pages\/57\/revisions\/459"}],"wp:attachment":[{"href":"https:\/\/www.coreliant.de\/index.php?rest_route=%2Fwp%2Fv2%2Fmedia&parent=57"}],"curies":[{"name":"wp","href":"https:\/\/api.w.org\/{rel}","templated":true}]}}